{"id":1201,"date":"2020-06-17T16:33:54","date_gmt":"2020-06-17T20:33:54","guid":{"rendered":"https:\/\/mydroplet.com\/index.php\/politique-relative-aux-cookies\/"},"modified":"2024-06-24T13:22:51","modified_gmt":"2024-06-24T17:22:51","slug":"politique-relative-aux-cookies","status":"publish","type":"page","link":"https:\/\/mydroplet.com\/fr\/index.php\/politique-relative-aux-cookies\/","title":{"rendered":"Politique relative aux cookies"},"content":{"rendered":"\n\n\t<h1><strong>Politique relative aux cookies<\/strong><\/h1>\n<p><em>Derni\u00e8re mise \u00e0 jour le October 17, 2022<\/em><\/p>\n<h2><strong>Introduction<\/strong><\/h2>\n<p>Cette politique de cookies vise \u00e0 informer les visiteurs du site Web comment et pourquoi les cookies sont utilis\u00e9s par HTL-STREFA, Inc.<\/p>\n<p>L&rsquo;entit\u00e9 responsable de l&rsquo;utilisation de ces cookies est :<\/p>\nHTL-STREFA, Inc.<br \/>\n113 Towne Lake Pkwy, Suite 120,<br \/>\nWoodstock, GA 30188 USA\n<p>Vous pouvez nous contacter par e-mail \u00e0 <a href=\"mailto:info@mydroplet.com\">info@mydroplet.com<\/a>.<\/p>\n<p>Cette politique fournit un aper\u00e7u clair et complet des cookies utilis\u00e9s sur notre site Web, de leurs objectifs et du raisonnement qui les sous-tend. Pour obtenir plus d&rsquo;informations sur cette politique de cookies, veuillez nous contacter \u00e0 <a href=\"mailto:info@mydroplet.com\">info@mydroplet.com<\/a>.<\/p>\n<p>Vous trouverez \u00e9galement des informations suppl\u00e9mentaires dans notre politique de confidentialit\u00e9.<\/p>\n<h2><strong>Que sont les cookies ?<\/strong><\/h2>\n<p>Les cookies sont de petits fichiers texte qui peuvent \u00eatre stock\u00e9s sur votre ordinateur lors de votre visite sur des sites Web. Les cookies ont g\u00e9n\u00e9ralement une date d&rsquo;expiration. Ils peuvent remplir diff\u00e9rentes fonctions mais conservent g\u00e9n\u00e9ralement un enregistrement des sites Web visit\u00e9s.<\/p>\n<p>Votre navigateur Internet t\u00e9l\u00e9charge un cookie lors de la premi\u00e8re visite sur un site Internet. La prochaine fois que vous visiterez le site Web avec le m\u00eame appareil utilisateur, ce cookie ainsi que toutes les informations qui y sont stock\u00e9es seront renvoy\u00e9s au site Web qui l&rsquo;a cr\u00e9\u00e9 (cookie de premi\u00e8re partie). Cependant, il est possible que ces informations soient transmises \u00e0 un autre site qui les g\u00e8re (cookie tiers).<\/p>\n<p>Cela permet au site Web de reconna\u00eetre votre navigateur et de m\u00e9moriser vos pr\u00e9f\u00e9rences, par exemple votre pr\u00e9f\u00e9rence linguistique, pour des visites ult\u00e9rieures du site Web, vous fournissant ainsi un contenu plus pertinent par rapport \u00e0 vos int\u00e9r\u00eats et besoins personnels.<\/p>\n<p>Dans l&rsquo;ensemble, les cookies nous aident \u00e0 am\u00e9liorer l&rsquo;exp\u00e9rience utilisateur et nous permettent d&rsquo;am\u00e9liorer les performances du site Web.<\/p>\n<h2><strong>Installation de cookies<\/strong><\/h2>\n<p>Des cookies peuvent \u00eatre install\u00e9s par HTL-STREFA ou un tiers :<\/p>\n<ul>\n<li>Les cookies propri\u00e9taires sont install\u00e9s et g\u00e9r\u00e9s par HTL-STREFA. Ils sont sp\u00e9cifiques au site Internet que vous visitez ;<\/li>\n<li>Les cookies tiers sont install\u00e9s et g\u00e9r\u00e9s par un tiers. Ils sont install\u00e9s lors de votre visite sur notre site et permettent de transmettre certaines informations \u00e0 des tiers lors de votre retour sur notre site.<\/li>\n<\/ul>\n<h2><strong>Combien de temps durent les cookies ?<\/strong><\/h2>\n<p>Les cookies peuvent \u00eatre temporaires ou persistants :<\/p>\n<ul>\n<li>Les cookies temporaires ou de session sont temporairement stock\u00e9s sur votre ordinateur ou votre appareil mobile. D\u00e8s que vous fermez votre navigateur, ces cookies sont automatiquement supprim\u00e9s ;<\/li>\n<li>Les cookies persistants restent plus longtemps sur votre appareil, m\u00eame apr\u00e8s la fermeture de votre navigateur. Ils restent sur votre appareil jusqu&rsquo;\u00e0 ce que les donn\u00e9es d&rsquo;expiration soient atteintes, puis une nouvelle version du cookie est install\u00e9e ou parfois, ou jusqu&rsquo;\u00e0 ce que vous les supprimiez manuellement. Ils permettent de vous reconna\u00eetre lors d&rsquo;une visite ult\u00e9rieure sur le site.<\/li>\n<\/ul>\n<p>La dur\u00e9e d\u00e9pend de la finalit\u00e9 pour laquelle certains types de cookies sont install\u00e9s dans votre ordinateur. Par exemple, un cookie de session peut \u00eatre utilis\u00e9 pour permettre aux visiteurs d&rsquo;\u00eatre reconnus dans un ensemble de pages Web, de sorte que tous les choix ou s\u00e9lections de donn\u00e9es effectu\u00e9s par cet utilisateur soient m\u00e9moris\u00e9s de page en page.<\/p>\n<p>Dans un autre exemple, un cookie persistant peut \u00eatre utilis\u00e9 pour m\u00e9moriser votre choix de langue pr\u00e9c\u00e9dent chaque fois que vous revenez sur la m\u00eame page Web.<\/p>\n<p>Quelle que soit la finalit\u00e9 de chaque cookie sp\u00e9cifique, HTL-STREFA tient compte du principe de minimisation des donn\u00e9es lors de la fixation de cette dur\u00e9e. Cela signifie que, dans la mesure du possible, HTL-STREFA optera pour la dur\u00e9e la plus courte possible tout en permettant l&rsquo;ex\u00e9cution de la fonction du cookie.<\/p>\n<h2><strong>Utilisation des Cookies par HTL-STREFA<\/strong><\/h2>\n<p>HTL-STREFA utilise des cookies pour assurer le bon fonctionnement de ce site Web. Par exemple, nous utilisons des cookies pour le rendre plus convivial en m\u00e9morisant vos pr\u00e9f\u00e9rences et en vous fournissant des informations que nous pensons int\u00e9ressantes et utiles pour vous en fonction de votre navigation pass\u00e9e.<\/p>\n<p>De plus, nous collectons les donn\u00e9es enregistr\u00e9es par les cookies pour d\u00e9velopper des statistiques ou des \u00e9tudes anonymes et agr\u00e9g\u00e9es pour nos sites Web et pour nous assurer que son contenu et ses performances sont pertinents pour nos visiteurs.<\/p>\n<h2><strong>Quels types de cookies sont utilis\u00e9s par HTL-STREFA ?<\/strong><\/h2>\n<p>Les cookies sont g\u00e9n\u00e9ralement d\u00e9crits en fonction de leur fonction et des finalit\u00e9s auxquelles ils sont destin\u00e9s. Certains cookies sont consid\u00e9r\u00e9s comme indispensables \u00e0 votre navigation, d&rsquo;autres sont des cookies de mesure de performance. Vous pouvez \u00e9galement avoir des cookies \u00e0 caract\u00e8re fonctionnel, ou des cookies qui collectent des donn\u00e9es \u00e0 des fins de marketing.<\/p>\n<p>Les types de cookies utilis\u00e9s par ce site Web sont les suivants :<\/p>\n<ul>\n<li>Cookies strictement n\u00e9cessaires : ces cookies sont n\u00e9cessaires au fonctionnement du site Web et ne peuvent pas \u00eatre d\u00e9sactiv\u00e9s dans nos syst\u00e8mes. Ils ne sont g\u00e9n\u00e9ralement d\u00e9finis qu&rsquo;en r\u00e9ponse \u00e0 des actions que vous effectuez et qui constituent une demande de services, telles que la d\u00e9finition de vos pr\u00e9f\u00e9rences de confidentialit\u00e9, la connexion ou le remplissage de formulaires. Vous pouvez configurer votre navigateur pour qu&rsquo;il bloque ou vous avertisse de ces cookies, mais certaines parties du site ne fonctionneront alors pas. Ces cookies ne stockent aucune information personnellement identifiable.<\/li>\n<li>Cookies de performance : Ces cookies nous permettent de compter les visites et les sources de trafic afin que nous puissions mesurer et am\u00e9liorer les performances de notre site. Ils nous aident \u00e0 savoir quelles pages sont les plus et les moins populaires et \u00e0 voir comment les visiteurs se d\u00e9placent sur le site. Toutes les informations collect\u00e9es par ces cookies sont agr\u00e9g\u00e9es et donc anonymes. Si vous n&rsquo;autorisez pas ces cookies, nous ne saurons pas quand vous avez visit\u00e9 notre site et ne pourrons pas surveiller ses performances.<\/li>\n<li>Cookies fonctionnels : ces cookies permettent au site Web de fournir des fonctionnalit\u00e9s et une personnalisation am\u00e9lior\u00e9es. Ils peuvent \u00eatre d\u00e9finis par nous ou par des fournisseurs tiers dont nous avons ajout\u00e9 les services \u00e0 nos pages. Si vous n&rsquo;autorisez pas ces cookies, certains ou tous ces services peuvent ne pas fonctionner correctement.<\/li>\n<li>Cookies de ciblage : Ces cookies peuvent \u00eatre install\u00e9s sur notre site par nos partenaires publicitaires. Ils peuvent \u00eatre utilis\u00e9s par ces soci\u00e9t\u00e9s pour \u00e9tablir un profil de vos int\u00e9r\u00eats et vous montrer des publicit\u00e9s pertinentes sur d&rsquo;autres sites. Ils ne stockent pas directement des informations personnelles, mais sont bas\u00e9s sur l&rsquo;identification unique de votre navigateur et de votre appareil Internet. Si vous n&rsquo;autorisez pas ces cookies, vous ferez l&rsquo;exp\u00e9rience d&rsquo;une publicit\u00e9 moins cibl\u00e9e.<\/li>\n<li>Cookies de r\u00e9seaux sociaux : Ces cookies sont d\u00e9finis par une gamme de services de r\u00e9seaux sociaux que nous avons ajout\u00e9s au site pour vous permettre de partager notre contenu avec vos amis et vos r\u00e9seaux. Ils sont capables de suivre votre navigateur sur d&rsquo;autres sites et de cr\u00e9er un profil de vos int\u00e9r\u00eats. Cela peut avoir un impact sur le contenu et les messages que vous voyez sur les autres sites Web que vous visitez. Si vous n&rsquo;autorisez pas ces cookies, vous ne pourrez peut-\u00eatre pas utiliser ou voir ces outils de partage.<\/li>\n<\/ul>\n<h2><strong>Opt-out<\/strong><\/h2>\n<p>When you opt-out, we will stop serving you targeted ads based on the data collected via your browser. We will place in your browser&rsquo;s cookie an amount of data telling us that you have opted-out of the placement of cookies when using this website. We need this residual data to ensure our website no longer collects information about your interests. If you have previously opted in there will be residual cookies that you will need to delete. Please see below for additional information on managing and deleting cookies.<\/p>\n<h2><strong>Comment g\u00e9rer et supprimer les cookies ?<\/strong><\/h2>\n<p>Vous pouvez g\u00e9rer et\/ou supprimer les cookies si vous le souhaitez. Pour plus d&rsquo;informations sur les implications pratiques de la modification des param\u00e8tres des cookies, vous pouvez consulter cette page externe : <a href=\"https:\/\/allaboutcookies.org\/\">http:\/\/allaboutcookies.org\/<\/a><\/p>\n<p>En principe, les navigateurs Web sont automatiquement configur\u00e9s pour accepter les cookies. N\u00e9anmoins, vous pouvez configurer votre navigateur de mani\u00e8re \u00e0 ce qu&rsquo;il vous informe de chaque cookie envoy\u00e9, ou pour \u00e9viter qu&rsquo;ils ne soient stock\u00e9s sur votre disque dur. Pour mieux comprendre ces param\u00e8tres, veuillez consulter les pages externes suivantes :<\/p>\n<ul>\n<li><a href=\"https:\/\/support.microsoft.com\/en-us\/windows\/manage-cookies-in-microsoft-edge-view-allow-block-delete-and-use-168dab11-0753-043d-7c16-ede5947fc64d\">Cookies dans Internet Explorer<\/a><\/li>\n<li><a href=\"http:\/\/support.google.com\/chrome\/bin\/answer.py?hl=en-GB&amp;hlrm=nl&amp;answer=95647\">Cookies dans Chrome<\/a><\/li>\n<li><a href=\"https:\/\/support.mozilla.org\/en-US\/kb\/enhanced-tracking-protection-firefox-desktop?s=cookies&amp;r=5&amp;as=s&amp;redirectslug=enable-and-disable-cookies-website-preferences&amp;redirectlocale=en-US\">Cookies dans Firefox<\/a><\/li>\n<li><a href=\"https:\/\/support.apple.com\/guide\/safari\/manage-cookies-sfri11471\/mac\">Cookies dans Safari<\/a><\/li>\n<\/ul>\n<p>Lorsque vous choisissez de refuser les cookies, nous ne pouvons pas garantir l&rsquo;exp\u00e9rience compl\u00e8te de notre site Web. Cela signifie que le refus pourrait rendre le site Web moins convivial ou le faire fonctionner \u00e0 une vitesse r\u00e9duite.<\/p>\n<p>&nbsp;<\/p>\n\n","protected":false},"excerpt":{"rendered":"<p>Politique relative aux cookies Derni\u00e8re mise \u00e0 jour le October 17, 2022 Introduction Cette politique de cookies vise \u00e0 informer les visiteurs du site Web comment et pourquoi les cookies sont utilis\u00e9s par HTL-STREFA, Inc. L&rsquo;entit\u00e9 responsable de l&rsquo;utilisation de ces cookies est : HTL-STREFA, Inc. 113 Towne Lake Pkwy, Suite 120, Woodstock, GA 30188&hellip;<\/p>\n","protected":false},"author":2,"featured_media":0,"parent":0,"menu_order":0,"comment_status":"closed","ping_status":"closed","template":"","meta":{"footnotes":""},"class_list":["post-1201","page","type-page","status-publish","hentry"],"yoast_head":"<!-- This site is optimized with the Yoast SEO plugin v27.4 - https:\/\/yoast.com\/product\/yoast-seo-wordpress\/ -->\n<title>Politique relative aux cookies - Droplet Micron<\/title>\n<meta name=\"description\" content=\"Cette politique de cookies vise \u00e0 informer les visiteurs du site Web comment et pourquoi les cookies sont utilis\u00e9s par HTL-STREFA, Inc.\" \/>\n<meta name=\"robots\" content=\"index, follow, max-snippet:-1, max-image-preview:large, max-video-preview:-1\" \/>\n<link rel=\"canonical\" href=\"https:\/\/mydroplet.com\/fr\/index.php\/politique-relative-aux-cookies\/\" \/>\n<meta property=\"og:locale\" content=\"fr_FR\" \/>\n<meta property=\"og:type\" content=\"article\" \/>\n<meta property=\"og:title\" content=\"Politique relative aux cookies - Droplet Micron\" \/>\n<meta property=\"og:description\" content=\"Cette politique de cookies vise \u00e0 informer les visiteurs du site Web comment et pourquoi les cookies sont utilis\u00e9s par HTL-STREFA, Inc.\" \/>\n<meta property=\"og:url\" content=\"https:\/\/mydroplet.com\/fr\/index.php\/politique-relative-aux-cookies\/\" \/>\n<meta property=\"og:site_name\" content=\"Droplet Micron\" \/>\n<meta property=\"article:modified_time\" content=\"2024-06-24T17:22:51+00:00\" \/>\n<meta name=\"twitter:card\" content=\"summary_large_image\" \/>\n<meta name=\"twitter:label1\" content=\"Dur\u00e9e de lecture estim\u00e9e\" \/>\n\t<meta name=\"twitter:data1\" content=\"8 minutes\" \/>\n<script type=\"application\/ld+json\" class=\"yoast-schema-graph\">{\"@context\":\"https:\\\/\\\/schema.org\",\"@graph\":[{\"@type\":\"WebPage\",\"@id\":\"https:\\\/\\\/mydroplet.com\\\/fr\\\/index.php\\\/politique-relative-aux-cookies\\\/\",\"url\":\"https:\\\/\\\/mydroplet.com\\\/fr\\\/index.php\\\/politique-relative-aux-cookies\\\/\",\"name\":\"Politique relative aux cookies - Droplet Micron\",\"isPartOf\":{\"@id\":\"https:\\\/\\\/mydroplet.com\\\/#website\"},\"datePublished\":\"2020-06-17T20:33:54+00:00\",\"dateModified\":\"2024-06-24T17:22:51+00:00\",\"description\":\"Cette politique de cookies vise \u00e0 informer les visiteurs du site Web comment et pourquoi les cookies sont utilis\u00e9s par HTL-STREFA, Inc.\",\"breadcrumb\":{\"@id\":\"https:\\\/\\\/mydroplet.com\\\/fr\\\/index.php\\\/politique-relative-aux-cookies\\\/#breadcrumb\"},\"inLanguage\":\"fr-FR\",\"potentialAction\":[{\"@type\":\"ReadAction\",\"target\":[\"https:\\\/\\\/mydroplet.com\\\/fr\\\/index.php\\\/politique-relative-aux-cookies\\\/\"]}]},{\"@type\":\"BreadcrumbList\",\"@id\":\"https:\\\/\\\/mydroplet.com\\\/fr\\\/index.php\\\/politique-relative-aux-cookies\\\/#breadcrumb\",\"itemListElement\":[{\"@type\":\"ListItem\",\"position\":1,\"name\":\"Home\",\"item\":\"https:\\\/\\\/mydroplet.com\\\/fr\\\/\"},{\"@type\":\"ListItem\",\"position\":2,\"name\":\"Politique relative aux cookies\"}]},{\"@type\":\"WebSite\",\"@id\":\"https:\\\/\\\/mydroplet.com\\\/#website\",\"url\":\"https:\\\/\\\/mydroplet.com\\\/\",\"name\":\"Droplet Micron\",\"description\":\"What You See is What You Feel\",\"potentialAction\":[{\"@type\":\"SearchAction\",\"target\":{\"@type\":\"EntryPoint\",\"urlTemplate\":\"https:\\\/\\\/mydroplet.com\\\/?s={search_term_string}\"},\"query-input\":{\"@type\":\"PropertyValueSpecification\",\"valueRequired\":true,\"valueName\":\"search_term_string\"}}],\"inLanguage\":\"fr-FR\"}]}<\/script>\n<!-- \/ Yoast SEO plugin. -->","yoast_head_json":{"title":"Politique relative aux cookies - Droplet Micron","description":"Cette politique de cookies vise \u00e0 informer les visiteurs du site Web comment et pourquoi les cookies sont utilis\u00e9s par HTL-STREFA, Inc.","robots":{"index":"index","follow":"follow","max-snippet":"max-snippet:-1","max-image-preview":"max-image-preview:large","max-video-preview":"max-video-preview:-1"},"canonical":"https:\/\/mydroplet.com\/fr\/index.php\/politique-relative-aux-cookies\/","og_locale":"fr_FR","og_type":"article","og_title":"Politique relative aux cookies - Droplet Micron","og_description":"Cette politique de cookies vise \u00e0 informer les visiteurs du site Web comment et pourquoi les cookies sont utilis\u00e9s par HTL-STREFA, Inc.","og_url":"https:\/\/mydroplet.com\/fr\/index.php\/politique-relative-aux-cookies\/","og_site_name":"Droplet Micron","article_modified_time":"2024-06-24T17:22:51+00:00","twitter_card":"summary_large_image","twitter_misc":{"Dur\u00e9e de lecture estim\u00e9e":"8 minutes"},"schema":{"@context":"https:\/\/schema.org","@graph":[{"@type":"WebPage","@id":"https:\/\/mydroplet.com\/fr\/index.php\/politique-relative-aux-cookies\/","url":"https:\/\/mydroplet.com\/fr\/index.php\/politique-relative-aux-cookies\/","name":"Politique relative aux cookies - Droplet Micron","isPartOf":{"@id":"https:\/\/mydroplet.com\/#website"},"datePublished":"2020-06-17T20:33:54+00:00","dateModified":"2024-06-24T17:22:51+00:00","description":"Cette politique de cookies vise \u00e0 informer les visiteurs du site Web comment et pourquoi les cookies sont utilis\u00e9s par HTL-STREFA, Inc.","breadcrumb":{"@id":"https:\/\/mydroplet.com\/fr\/index.php\/politique-relative-aux-cookies\/#breadcrumb"},"inLanguage":"fr-FR","potentialAction":[{"@type":"ReadAction","target":["https:\/\/mydroplet.com\/fr\/index.php\/politique-relative-aux-cookies\/"]}]},{"@type":"BreadcrumbList","@id":"https:\/\/mydroplet.com\/fr\/index.php\/politique-relative-aux-cookies\/#breadcrumb","itemListElement":[{"@type":"ListItem","position":1,"name":"Home","item":"https:\/\/mydroplet.com\/fr\/"},{"@type":"ListItem","position":2,"name":"Politique relative aux cookies"}]},{"@type":"WebSite","@id":"https:\/\/mydroplet.com\/#website","url":"https:\/\/mydroplet.com\/","name":"Droplet Micron","description":"What You See is What You Feel","potentialAction":[{"@type":"SearchAction","target":{"@type":"EntryPoint","urlTemplate":"https:\/\/mydroplet.com\/?s={search_term_string}"},"query-input":{"@type":"PropertyValueSpecification","valueRequired":true,"valueName":"search_term_string"}}],"inLanguage":"fr-FR"}]}},"_links":{"self":[{"href":"https:\/\/mydroplet.com\/fr\/index.php\/wp-json\/wp\/v2\/pages\/1201","targetHints":{"allow":["GET"]}}],"collection":[{"href":"https:\/\/mydroplet.com\/fr\/index.php\/wp-json\/wp\/v2\/pages"}],"about":[{"href":"https:\/\/mydroplet.com\/fr\/index.php\/wp-json\/wp\/v2\/types\/page"}],"author":[{"embeddable":true,"href":"https:\/\/mydroplet.com\/fr\/index.php\/wp-json\/wp\/v2\/users\/2"}],"replies":[{"embeddable":true,"href":"https:\/\/mydroplet.com\/fr\/index.php\/wp-json\/wp\/v2\/comments?post=1201"}],"version-history":[{"count":0,"href":"https:\/\/mydroplet.com\/fr\/index.php\/wp-json\/wp\/v2\/pages\/1201\/revisions"}],"wp:attachment":[{"href":"https:\/\/mydroplet.com\/fr\/index.php\/wp-json\/wp\/v2\/media?parent=1201"}],"curies":[{"name":"wp","href":"https:\/\/api.w.org\/{rel}","templated":true}]}}